{"id":7,"date":"2024-08-25T21:03:55","date_gmt":"2024-08-25T21:03:55","guid":{"rendered":"https:\/\/ksolucionesi.com\/dimocreativos\/?page_id=7"},"modified":"2024-10-28T19:18:36","modified_gmt":"2024-10-28T19:18:36","slug":"inicio","status":"publish","type":"page","link":"https:\/\/ksolucionesi.com\/dimocreativos\/","title":{"rendered":"Inicio"},"content":{"rendered":"\n<div class=\"wp-block-cover alignfull is-light\" style=\"min-height:720px;aspect-ratio:unset;\"><span aria-hidden=\"true\" class=\"wp-block-cover__background has-background-dim-100 has-background-dim has-background-gradient\" style=\"background:linear-gradient(35deg,rgb(6,0,151) 0%,rgb(130,4,255) 73%,rgb(193,15,255) 100%)\"><\/span><div class=\"wp-block-cover__inner-container is-layout-flow wp-block-cover-is-layout-flow\">\n<div class=\"inherit-container-width wp-block-group alignwide is-layout-constrained wp-block-group-is-layout-constrained\">\n<div class=\"wp-block-media-text alignwide is-stacked-on-mobile is-vertically-aligned-center\" style=\"grid-template-columns:25% auto\"><figure class=\"wp-block-media-text__media\"><img loading=\"lazy\" decoding=\"async\" width=\"410\" height=\"752\" src=\"https:\/\/ksolucionesi.com\/dimocreativos\/wp-content\/uploads\/2024\/08\/partes-toga1-2.jpg\" alt=\"\" class=\"wp-image-47 size-full\" srcset=\"https:\/\/ksolucionesi.com\/dimocreativos\/wp-content\/uploads\/2024\/08\/partes-toga1-2.jpg 410w, https:\/\/ksolucionesi.com\/dimocreativos\/wp-content\/uploads\/2024\/08\/partes-toga1-2-164x300.jpg 164w\" sizes=\"(max-width: 410px) 100vw, 410px\" \/><\/figure><div class=\"wp-block-media-text__content\">\n<h1 class=\"wp-block-heading has-text-align-left has-white-color has-text-color\" style=\"font-size:63px\">DIMO Crea Ideas<\/h1>\n\n\n\n<p class=\"has-large-font-size\">Alquiler de Togas de grado<\/p>\n\n\n\n<div class=\"wp-block-buttons is-layout-flex wp-block-buttons-is-layout-flex\"><\/div>\n\n\n\n<p class=\"has-text-align-left\"><strong>Estimados usuarios,<\/strong><br>Para facilitar y agilizar el proceso de alquiler de togas, les invitamos a realizarlo a trav\u00e9s de nuestro DIMOBOT. A trav\u00e9s de DIMOBOT, podr\u00e1n realizar su solicitud de manera r\u00e1pida y sencilla, siguiendo las indicaciones proporcionadas en el chat. Esto nos permitir\u00e1 atenderlos de manera m\u00e1s eficiente y asegurar que tengan una experiencia c\u00f3moda y sin contratiempos. \u00a1Gracias por confiar en nosotros!<img loading=\"lazy\" decoding=\"async\" width=\"67\" height=\"67\" class=\"wp-image-64\" style=\"width: 67px;\" src=\"https:\/\/ksolucionesi.com\/dimocreativos\/wp-content\/uploads\/2024\/09\/FLECHA2.png\" alt=\"\"><\/p>\n\n\n\n<p><\/p>\n<\/div><\/div>\n\n\n\n<p><\/p>\n<\/div>\n<\/div><\/div>\n\n\n\n<div class=\"wp-block-group alignfull has-ast-global-color-5-background-color has-background is-layout-constrained wp-container-core-group-is-layout-3 wp-block-group-is-layout-constrained\" id=\"services\" style=\"padding-top:143px;padding-bottom:144px\">\n<div class=\"wp-block-media-text has-media-on-the-right is-stacked-on-mobile is-vertically-aligned-center\"><div class=\"wp-block-media-text__content\">\n<div class=\"inherit-container-width wp-block-group is-layout-constrained wp-container-core-group-is-layout-2 wp-block-group-is-layout-constrained\" style=\"padding-right:80px\">\n<h4 class=\"wp-block-heading\" style=\"padding-right:40px\">Celebra Tus Logros con Elegancia: Trajes Acad\u00e9micos y Medaller\u00eda que Cuentan Tu Historia.<\/h4>\n\n\n\n<p>Nuestra empresa se especializa en brindar servicios de alta calidad en el <strong>alquiler y confecci\u00f3n de trajes acad\u00e9micos<\/strong> y <strong>prendas de vestir<\/strong> para instituciones. Adem\u00e1s, ofrecemos <strong>bordados y estampados personalizados<\/strong> que destacan por su precisi\u00f3n y detalle. Tambi\u00e9n nos dedicamos a la <strong>fabricaci\u00f3n de medaller\u00eda<\/strong> fina, ideal para reconocer logros y conmemorar eventos especiales. Con un enfoque en la excelencia y la satisfacci\u00f3n del cliente, estamos comprometidos a proporcionar productos que reflejen la tradici\u00f3n y la distinci\u00f3n que usted merece.<\/p>\n<\/div>\n<\/div><figure class=\"wp-block-media-text__media\"><img loading=\"lazy\" decoding=\"async\" width=\"678\" height=\"1024\" src=\"https:\/\/ksolucionesi.com\/dimocreativos\/wp-content\/uploads\/2024\/09\/toga-7-678x1024.jpeg\" alt=\"\" class=\"wp-image-84 size-full\" srcset=\"https:\/\/ksolucionesi.com\/dimocreativos\/wp-content\/uploads\/2024\/09\/toga-7-678x1024.jpeg 678w, https:\/\/ksolucionesi.com\/dimocreativos\/wp-content\/uploads\/2024\/09\/toga-7-199x300.jpeg 199w, https:\/\/ksolucionesi.com\/dimocreativos\/wp-content\/uploads\/2024\/09\/toga-7-768x1160.jpeg 768w, https:\/\/ksolucionesi.com\/dimocreativos\/wp-content\/uploads\/2024\/09\/toga-7-1017x1536.jpeg 1017w, https:\/\/ksolucionesi.com\/dimocreativos\/wp-content\/uploads\/2024\/09\/toga-7.jpeg 1024w\" sizes=\"(max-width: 678px) 100vw, 678px\" \/><\/figure><\/div>\n<\/div>\n\n\n\n<div class=\"wp-block-group alignfull has-ast-global-color-5-background-color has-background is-layout-constrained wp-container-core-group-is-layout-5 wp-block-group-is-layout-constrained\" id=\"whyus\" style=\"padding-top:143px;padding-bottom:144px\">\n<div class=\"wp-block-media-text has-media-on-the-right is-stacked-on-mobile is-vertically-aligned-center\"><div class=\"wp-block-media-text__content\">\n<div class=\"inherit-container-width wp-block-group is-layout-constrained wp-container-core-group-is-layout-4 wp-block-group-is-layout-constrained\" style=\"padding-right:80px\">\n<h4 class=\"wp-block-heading\" style=\"padding-right:40px\">25 A\u00f1os Dise\u00f1ando Tradici\u00f3n y Excelencia para la Educaci\u00f3n.<\/h4>\n\n\n\n<p>En Dimo Crea Ideas, llevamos 25 a\u00f1os transformando conceptos en prendas y accesorios que reflejan la esencia de las instituciones educativas. Como firma especializada en el dise\u00f1o y confecci\u00f3n de vestimenta acad\u00e9mica y accesorios, nos dedicamos a vestir la tradici\u00f3n con creatividad y precisi\u00f3n, honrando cada detalle que hace \u00fanica a tu instituci\u00f3n.<\/p>\n<\/div>\n<\/div><figure class=\"wp-block-media-text__media\"><img loading=\"lazy\" decoding=\"async\" width=\"108\" height=\"60\" src=\"https:\/\/ksolucionesi.com\/dimocreativos\/wp-content\/uploads\/2024\/08\/dimologopeq.jpg\" alt=\"\" class=\"wp-image-25 size-full\"\/><\/figure><\/div>\n<\/div>\n\n\n\n<div class=\"wp-block-group alignfull has-background is-layout-constrained wp-container-core-group-is-layout-6 wp-block-group-is-layout-constrained\" id=\"contact\" style=\"background:linear-gradient(35deg,rgb(6,0,151) 0%,rgb(130,4,255) 64%,rgb(193,15,255) 98%);padding-top:104px;padding-bottom:104px\">\n<h2 class=\"wp-block-heading has-text-align-center has-text-color\" style=\"color:#ffffff\">CONT\u00c1CTANOS<\/h2>\n\n\n\n<h4 class=\"wp-block-heading has-text-align-center has-black-color has-text-color\">WhatsApp<br>301 3944394<\/h4>\n\n\n\n<p class=\"has-text-align-center has-ast-global-color-8-color has-text-color has-link-color wp-elements-962f39f92dab69f17f6ff692c116a51e\"><\/p>\n<\/div>\n","protected":false},"excerpt":{"rendered":"<p>Celebra Tus Logros con Elegancia: Trajes Acad\u00e9micos y Medaller\u00eda que Cuentan Tu Historia. Nuestra empresa se especializa en brindar servicios [&hellip;]<\/p>\n","protected":false},"author":1,"featured_media":0,"parent":0,"menu_order":0,"comment_status":"closed","ping_status":"closed","template":"","meta":{"site-sidebar-layout":"no-sidebar","site-content-layout":"plain-container","ast-site-content-layout":"","site-content-style":"default","site-sidebar-style":"default","ast-global-header-display":"","ast-banner-title-visibility":"","ast-main-header-display":"","ast-hfb-above-header-display":"","ast-hfb-below-header-display":"","ast-hfb-mobile-header-display":"","site-post-title":"disabled","ast-breadcrumbs-content":"","ast-featured-img":"","footer-sml-layout":"","theme-transparent-header-meta":"enabled","adv-header-id-meta":"","stick-header-meta":"","header-above-stick-meta":"","header-main-stick-meta":"","header-below-stick-meta":"","astra-migrate-meta-layouts":"default","ast-page-background-enabled":"default","ast-page-background-meta":{"desktop":{"background-color":"var(--ast-global-color-4)","background-image":"","background-repeat":"repeat","background-position":"center center","background-size":"auto","background-attachment":"scroll","background-type":"","background-media":"","overlay-type":"","overlay-color":"","overlay-opacity":"","overlay-gradient":""},"tablet":{"background-color":"","background-image":"","background-repeat":"repeat","background-position":"center center","background-size":"auto","background-attachment":"scroll","background-type":"","background-media":"","overlay-type":"","overlay-color":"","overlay-opacity":"","overlay-gradient":""},"mobile":{"background-color":"","background-image":"","background-repeat":"repeat","background-position":"center center","background-size":"auto","background-attachment":"scroll","background-type":"","background-media":"","overlay-type":"","overlay-color":"","overlay-opacity":"","overlay-gradient":""}},"ast-content-background-meta":{"desktop":{"background-color":"var(--ast-global-color-5)","background-image":"","background-repeat":"repeat","background-position":"center center","background-size":"auto","background-attachment":"scroll","background-type":"","background-media":"","overlay-type":"","overlay-color":"","overlay-opacity":"","overlay-gradient":""},"tablet":{"background-color":"var(--ast-global-color-5)","background-image":"","background-repeat":"repeat","background-position":"center center","background-size":"auto","background-attachment":"scroll","background-type":"","background-media":"","overlay-type":"","overlay-color":"","overlay-opacity":"","overlay-gradient":""},"mobile":{"background-color":"var(--ast-global-color-5)","background-image":"","background-repeat":"repeat","background-position":"center center","background-size":"auto","background-attachment":"scroll","background-type":"","background-media":"","overlay-type":"","overlay-color":"","overlay-opacity":"","overlay-gradient":""}},"footnotes":""},"class_list":["post-7","page","type-page","status-publish","hentry"],"_links":{"self":[{"href":"https:\/\/ksolucionesi.com\/dimocreativos\/wp-json\/wp\/v2\/pages\/7"}],"collection":[{"href":"https:\/\/ksolucionesi.com\/dimocreativos\/wp-json\/wp\/v2\/pages"}],"about":[{"href":"https:\/\/ksolucionesi.com\/dimocreativos\/wp-json\/wp\/v2\/types\/page"}],"author":[{"embeddable":true,"href":"https:\/\/ksolucionesi.com\/dimocreativos\/wp-json\/wp\/v2\/users\/1"}],"replies":[{"embeddable":true,"href":"https:\/\/ksolucionesi.com\/dimocreativos\/wp-json\/wp\/v2\/comments?post=7"}],"version-history":[{"count":40,"href":"https:\/\/ksolucionesi.com\/dimocreativos\/wp-json\/wp\/v2\/pages\/7\/revisions"}],"predecessor-version":[{"id":106,"href":"https:\/\/ksolucionesi.com\/dimocreativos\/wp-json\/wp\/v2\/pages\/7\/revisions\/106"}],"wp:attachment":[{"href":"https:\/\/ksolucionesi.com\/dimocreativos\/wp-json\/wp\/v2\/media?parent=7"}],"curies":[{"name":"wp","href":"https:\/\/api.w.org\/{rel}","templated":true}]}}